{"id":1606,"date":"2011-12-30T21:27:45","date_gmt":"2011-12-30T21:27:45","guid":{"rendered":"http:\/\/www.desert-rock.com\/dr\/?page_id=1606"},"modified":"2011-12-30T21:27:45","modified_gmt":"2011-12-30T21:27:45","slug":"essai-de-page-perso","status":"publish","type":"page","link":"https:\/\/desert-rock.com\/site\/essai-de-page-perso","title":{"rendered":"essai de page perso"},"content":{"rendered":"<div class=\"cff-wrapper\"><div class=\"cff-wrapper-ctn \" ><div id=\"cff\"  class=\"cff cff-list-container  cff-default-styles  cff-mob-cols-1 cff-tab-cols-1\"   style=\"width:100%;\"   data-char=\"250\"  data-cff-flags=\"gdpr\" ><div class=\"cff-posts-wrap\"><div id=\"cff_194653267489_1537302271732988\" class=\"cff-item cff-link-item cff-box author-desert-rock-com\"  style=\"border-radius:5px;background-color:#2a2a2a;\" >\n\t\n<div class=\"cff-post-text\"  style=\"font-size:13px;\" >\n\t<span class=\"cff-text\" data-color=\"\">\n\t\tAvec quelques semaines de retard, on tenait \u00e0 vous parler du dernier album de <a href=\"https:\/\/facebook.com\/502332606628821\">Earth Tongue<\/a> , le duo n\u00e9o z\u00e9landais qui essaye depuis quelques ann\u00e9es de chambouler la sc\u00e8ne proto doom stoner metal grunge pop... !!<img class=\"cff-linebreak\" \/>Leur nouveau disque enfonce encore le clou, c&#039;est dispo, et on vous en parle ci-dessous :<img class=\"cff-linebreak\" \/><img class=\"cff-linebreak\" \/>\t\t\t<\/span>\n\t<span class=\"cff-expand\">... <a href=\"#\" style=\"color: #\"><span class=\"cff-more\">Voir plus<\/span><span class=\"cff-less\">Voir moins<\/span><\/a><\/span>\n\n<\/div>\n\n\t<div class=\"cff-post-links\">\n\t\t\t\t\t<a class=\"cff-viewpost-facebook\" href=\"https:\/\/www.facebook.com\/194653267489_1537302271732988\" title=\"Voir sur Facebook\" target=\"_blank\" rel=\"nofollow noopener\" >Voir sur Facebook<\/a>\n\t\t\t\t\t<\/div>\n\t<\/div>\n\n\n\n<div id=\"cff_194653267489_1533395948790287\" class=\"cff-item cff-photo-post cff-box author-desert-rock-com\"  style=\"border-radius:5px;background-color:#2a2a2a;\" >\n\t\n<div class=\"cff-post-text\"  style=\"font-size:13px;\" >\n\t<span class=\"cff-text\" data-color=\"\">\n\t\tAlors que l&#039;\u00e9t\u00e9 ne pointe pas encore le bout de son nez, c&#039;est d\u00e9j\u00e0 le moment de se ruer sur vos billets pour le d\u00e9sormais incontournable<a href=\"https:\/\/facebook.com\/1098328846851413\">Westill<\/a>al Westill, haut lieu du stoner automnal fran\u00e7ais. <img class=\"cff-linebreak\" \/><img class=\"cff-linebreak\" \/><a href=\"https:\/\/www.facebook.com\/share\/p\/1CAUcNvoqg\/\" rel='nofollow noopener noreferrer'>www.facebook.com\/share\/p\/1CAUcNvoqg\/<\/a><span class=\"cff-post-desc\"  style=\"font-size:12px;\" >C\u2019est parti. La billetterie du Westill 2026 est officiellement ouverte. \u26a1<img class=\"cff-linebreak\" \/><img class=\"cff-linebreak\" \/>\ud83c\udf9f\ufe0f Rendez-vous d\u00e8s maintenant sur westill.fr pour prendre vos pass.<img class=\"cff-linebreak\" \/><img class=\"cff-linebreak\" \/>Et pour la suite... les premiers noms arrivent tr\u00e8s prochainement \ud83d\udc40<img class=\"cff-linebreak\" \/><img class=\"cff-linebreak\" \/>\ud83e\udd18 Grosses bises ! \ud83e\udd18 #maximecamus <\/span>\t\t\t<\/span>\n\t<span class=\"cff-expand\">... <a href=\"#\" style=\"color: #\"><span class=\"cff-more\">Voir plus<\/span><span class=\"cff-less\">Voir moins<\/span><\/a><\/span>\n\n<\/div>\n\n<p class=\"cff-media-link\">\n\t<a href=\"https:\/\/www.facebook.com\/photo.php?fbid=1582431730554647&#038;set=a.527887659342398&#038;type=3\" target=\"_blank\" style=\"color: #\">\n\t\t<span style=\"padding-right: 5px;\" class=\"fa fas fa-picture-o fa-image\"><\/span>Photo\t<\/a>\n<\/p>\n\t\t<div class=\"cff-post-links\">\n\t\t\t\t\t<a class=\"cff-viewpost-facebook\" href=\"https:\/\/www.facebook.com\/photo.php?fbid=1582431730554647&#038;set=a.527887659342398&#038;type=3\" title=\"Voir sur Facebook\" target=\"_blank\" rel=\"nofollow noopener\" >Voir sur Facebook<\/a>\n\t\t\t\t\t<\/div>\n\t<\/div>\n\n\n\n<div id=\"cff_194653267489_1532545282208687\" class=\"cff-item cff-photo-post cff-box author-desert-rock-com\"  style=\"border-radius:5px;background-color:#2a2a2a;\" >\n\t\n<div class=\"cff-post-text\"  style=\"font-size:13px;\" >\n\t<span class=\"cff-text\" data-color=\"\">\n\t\tCa fait combien de temps qu&#039;un groupe a propos\u00e9 HUIT dates en France ? C&#039;est <a href=\"https:\/\/facebook.com\/189034701114698\">Dirty Sound Magnet<\/a>und Magnet, et leur tourn\u00e9e commence dans 10 jours, alors faites leur honneur et encouragez la prise de <a href=\"https:\/\/facebook.com\/167006326687679\">Garmonbozia Inc.<\/a>bozia Inc. qui a mont\u00e9 la tourn\u00e9e !<span class=\"cff-post-desc\"  style=\"font-size:12px;\" >Bordeaux, premi\u00e8re ville \u00e0 afficher complet pour la tourn\u00e9e de Dirty Sound Magnet, qui d\u00e9bute dans 2 semaines ! <\/span>\t\t\t<\/span>\n\t<span class=\"cff-expand\">... <a href=\"#\" style=\"color: #\"><span class=\"cff-more\">Voir plus<\/span><span class=\"cff-less\">Voir moins<\/span><\/a><\/span>\n\n<\/div>\n\n<p class=\"cff-media-link\">\n\t<a href=\"https:\/\/www.facebook.com\/photo.php?fbid=1445509514272889&#038;set=a.656233663200482&#038;type=3\" target=\"_blank\" style=\"color: #\">\n\t\t<span style=\"padding-right: 5px;\" class=\"fa fas fa-picture-o fa-image\"><\/span>Photo\t<\/a>\n<\/p>\n\t\t<div class=\"cff-post-links\">\n\t\t\t\t\t<a class=\"cff-viewpost-facebook\" href=\"https:\/\/www.facebook.com\/photo.php?fbid=1445509514272889&#038;set=a.656233663200482&#038;type=3\" title=\"Voir sur Facebook\" target=\"_blank\" rel=\"nofollow noopener\" >Voir sur Facebook<\/a>\n\t\t\t\t\t<\/div>\n\t<\/div>\n\n\n\n<\/div><input class=\"cff-pag-url\" type=\"hidden\" data-locatornonce=\"79cafa9fa8\" data-cff-shortcode=\"\" data-post-id=\"1606\" data-feed-id=\"194653267489\"><\/div><\/div><div class=\"cff-clear\"><\/div><\/div>\n","protected":false},"excerpt":{"rendered":"","protected":false},"author":1,"featured_media":0,"parent":0,"menu_order":0,"comment_status":"open","ping_status":"open","template":"","meta":{"episode_type":"","audio_file":"","podmotor_file_id":"","podmotor_episode_id":"","cover_image":"","cover_image_id":"","duration":"","filesize":"","filesize_raw":"","date_recorded":"","explicit":"","block":"","itunes_episode_number":"","itunes_title":"","itunes_season_number":"","itunes_episode_type":"","footnotes":""},"class_list":["post-1606","page","type-page","status-publish","hentry"],"yoast_head":"<!-- This site is optimized with the Yoast SEO plugin v27.4 - https:\/\/yoast.com\/product\/yoast-seo-wordpress\/ -->\n<title>essai de page perso - Desert-rock.com<\/title>\n<meta name=\"robots\" content=\"index, follow, max-snippet:-1, max-image-preview:large, max-video-preview:-1\" \/>\n<link rel=\"canonical\" href=\"https:\/\/desert-rock.com\/site\/essai-de-page-perso\" \/>\n<meta property=\"og:locale\" content=\"fr_FR\" \/>\n<meta property=\"og:type\" content=\"article\" \/>\n<meta property=\"og:title\" content=\"essai de page perso - Desert-rock.com\" \/>\n<meta property=\"og:url\" content=\"https:\/\/desert-rock.com\/site\/essai-de-page-perso\" \/>\n<meta property=\"og:site_name\" content=\"Desert-rock.com\" \/>\n<meta property=\"article:publisher\" content=\"https:\/\/www.facebook.com\/desertrockcom\" \/>\n<meta name=\"twitter:card\" content=\"summary_large_image\" \/>\n<script type=\"application\/ld+json\" class=\"yoast-schema-graph\">{\"@context\":\"https:\\\/\\\/schema.org\",\"@graph\":[{\"@type\":\"WebPage\",\"@id\":\"https:\\\/\\\/desert-rock.com\\\/site\\\/essai-de-page-perso\",\"url\":\"https:\\\/\\\/desert-rock.com\\\/site\\\/essai-de-page-perso\",\"name\":\"essai de page perso - Desert-rock.com\",\"isPartOf\":{\"@id\":\"https:\\\/\\\/desert-rock.com\\\/site\\\/#website\"},\"datePublished\":\"2011-12-30T21:27:45+00:00\",\"breadcrumb\":{\"@id\":\"https:\\\/\\\/desert-rock.com\\\/site\\\/essai-de-page-perso#breadcrumb\"},\"inLanguage\":\"fr-FR\",\"potentialAction\":[{\"@type\":\"ReadAction\",\"target\":[\"https:\\\/\\\/desert-rock.com\\\/site\\\/essai-de-page-perso\"]}]},{\"@type\":\"BreadcrumbList\",\"@id\":\"https:\\\/\\\/desert-rock.com\\\/site\\\/essai-de-page-perso#breadcrumb\",\"itemListElement\":[{\"@type\":\"ListItem\",\"position\":1,\"name\":\"Accueil\",\"item\":\"https:\\\/\\\/desert-rock.com\\\/site\\\/\"},{\"@type\":\"ListItem\",\"position\":2,\"name\":\"essai de page perso\"}]},{\"@type\":\"WebSite\",\"@id\":\"https:\\\/\\\/desert-rock.com\\\/site\\\/#website\",\"url\":\"https:\\\/\\\/desert-rock.com\\\/site\\\/\",\"name\":\"Desert-rock.com\",\"description\":\"\",\"publisher\":{\"@id\":\"https:\\\/\\\/desert-rock.com\\\/site\\\/#organization\"},\"potentialAction\":[{\"@type\":\"SearchAction\",\"target\":{\"@type\":\"EntryPoint\",\"urlTemplate\":\"https:\\\/\\\/desert-rock.com\\\/site\\\/?s={search_term_string}\"},\"query-input\":{\"@type\":\"PropertyValueSpecification\",\"valueRequired\":true,\"valueName\":\"search_term_string\"}}],\"inLanguage\":\"fr-FR\"},{\"@type\":\"Organization\",\"@id\":\"https:\\\/\\\/desert-rock.com\\\/site\\\/#organization\",\"name\":\"Desert-rock.com\",\"url\":\"https:\\\/\\\/desert-rock.com\\\/site\\\/\",\"logo\":{\"@type\":\"ImageObject\",\"inLanguage\":\"fr-FR\",\"@id\":\"https:\\\/\\\/desert-rock.com\\\/site\\\/#\\\/schema\\\/logo\\\/image\\\/\",\"url\":\"https:\\\/\\\/desert-rock.com\\\/site\\\/wp-content\\\/uploads\\\/2024\\\/07\\\/logo-2.png\",\"contentUrl\":\"https:\\\/\\\/desert-rock.com\\\/site\\\/wp-content\\\/uploads\\\/2024\\\/07\\\/logo-2.png\",\"width\":400,\"height\":182,\"caption\":\"Desert-rock.com\"},\"image\":{\"@id\":\"https:\\\/\\\/desert-rock.com\\\/site\\\/#\\\/schema\\\/logo\\\/image\\\/\"},\"sameAs\":[\"https:\\\/\\\/www.facebook.com\\\/desertrockcom\",\"https:\\\/\\\/www.instagram.com\\\/desertrockcom\\\/\"]}]}<\/script>\n<!-- \/ Yoast SEO plugin. -->","yoast_head_json":{"title":"essai de page perso - Desert-rock.com","robots":{"index":"index","follow":"follow","max-snippet":"max-snippet:-1","max-image-preview":"max-image-preview:large","max-video-preview":"max-video-preview:-1"},"canonical":"https:\/\/desert-rock.com\/site\/essai-de-page-perso","og_locale":"fr_FR","og_type":"article","og_title":"essai de page perso - Desert-rock.com","og_url":"https:\/\/desert-rock.com\/site\/essai-de-page-perso","og_site_name":"Desert-rock.com","article_publisher":"https:\/\/www.facebook.com\/desertrockcom","twitter_card":"summary_large_image","schema":{"@context":"https:\/\/schema.org","@graph":[{"@type":"WebPage","@id":"https:\/\/desert-rock.com\/site\/essai-de-page-perso","url":"https:\/\/desert-rock.com\/site\/essai-de-page-perso","name":"essai de page perso - Desert-rock.com","isPartOf":{"@id":"https:\/\/desert-rock.com\/site\/#website"},"datePublished":"2011-12-30T21:27:45+00:00","breadcrumb":{"@id":"https:\/\/desert-rock.com\/site\/essai-de-page-perso#breadcrumb"},"inLanguage":"fr-FR","potentialAction":[{"@type":"ReadAction","target":["https:\/\/desert-rock.com\/site\/essai-de-page-perso"]}]},{"@type":"BreadcrumbList","@id":"https:\/\/desert-rock.com\/site\/essai-de-page-perso#breadcrumb","itemListElement":[{"@type":"ListItem","position":1,"name":"Accueil","item":"https:\/\/desert-rock.com\/site\/"},{"@type":"ListItem","position":2,"name":"essai de page perso"}]},{"@type":"WebSite","@id":"https:\/\/desert-rock.com\/site\/#website","url":"https:\/\/desert-rock.com\/site\/","name":"Desert-rock.com","description":"","publisher":{"@id":"https:\/\/desert-rock.com\/site\/#organization"},"potentialAction":[{"@type":"SearchAction","target":{"@type":"EntryPoint","urlTemplate":"https:\/\/desert-rock.com\/site\/?s={search_term_string}"},"query-input":{"@type":"PropertyValueSpecification","valueRequired":true,"valueName":"search_term_string"}}],"inLanguage":"fr-FR"},{"@type":"Organization","@id":"https:\/\/desert-rock.com\/site\/#organization","name":"Desert-rock.com","url":"https:\/\/desert-rock.com\/site\/","logo":{"@type":"ImageObject","inLanguage":"fr-FR","@id":"https:\/\/desert-rock.com\/site\/#\/schema\/logo\/image\/","url":"https:\/\/desert-rock.com\/site\/wp-content\/uploads\/2024\/07\/logo-2.png","contentUrl":"https:\/\/desert-rock.com\/site\/wp-content\/uploads\/2024\/07\/logo-2.png","width":400,"height":182,"caption":"Desert-rock.com"},"image":{"@id":"https:\/\/desert-rock.com\/site\/#\/schema\/logo\/image\/"},"sameAs":["https:\/\/www.facebook.com\/desertrockcom","https:\/\/www.instagram.com\/desertrockcom\/"]}]}},"_links":{"self":[{"href":"https:\/\/desert-rock.com\/site\/wp-json\/wp\/v2\/pages\/1606","targetHints":{"allow":["GET"]}}],"collection":[{"href":"https:\/\/desert-rock.com\/site\/wp-json\/wp\/v2\/pages"}],"about":[{"href":"https:\/\/desert-rock.com\/site\/wp-json\/wp\/v2\/types\/page"}],"author":[{"embeddable":true,"href":"https:\/\/desert-rock.com\/site\/wp-json\/wp\/v2\/users\/1"}],"replies":[{"embeddable":true,"href":"https:\/\/desert-rock.com\/site\/wp-json\/wp\/v2\/comments?post=1606"}],"version-history":[{"count":0,"href":"https:\/\/desert-rock.com\/site\/wp-json\/wp\/v2\/pages\/1606\/revisions"}],"wp:attachment":[{"href":"https:\/\/desert-rock.com\/site\/wp-json\/wp\/v2\/media?parent=1606"}],"curies":[{"name":"wp","href":"https:\/\/api.w.org\/{rel}","templated":true}]}}