{"id":33991,"date":"2024-07-19T20:13:12","date_gmt":"2024-07-19T18:13:12","guid":{"rendered":"https:\/\/desert-rock.com\/site\/?page_id=33991"},"modified":"2026-02-28T10:06:28","modified_gmt":"2026-02-28T09:06:28","slug":"infos","status":"publish","type":"page","link":"https:\/\/desert-rock.com\/site\/infos","title":{"rendered":"INFOS"},"content":{"rendered":"<table class=\"widefat\">\n<tbody>\n<tr>\n<td><span id=\"xyz_ips_shortcode_46\" class=\"xyz_ic_copy_shortcode\"><\/span><\/td>\n<\/tr>\n<\/tbody>\n<\/table>\n<table>\n<tbody>\n<tr>\n<td width=\"50\"><\/td>\n<td width=\"750\">\n<div class=\"post-headline2\"><span style=\"color: #cccccc; font-family: verdana; font-size: large;\"><b>A propos&#8230;<\/b><\/span><\/div>\n<p>Desert-Rock a \u00e9t\u00e9 cr\u00e9\u00e9 en 2004 par une poign\u00e9e de fans de ce courant musical connu sous le nom de <b>Stoner<\/b>.<\/p>\n<p>Appartenant \u00e0 la grande famille du <b>rock<\/b>, mais ignor\u00e9 par les m\u00e9dias traditionnels et boud\u00e9 par la presse rock conventionnelle, le stoner poursuit son aventure tr\u00e9pidante sans artifices ni complexes. Evolution naturelle du rock\u2019n\u2019roll empreint de sonorit\u00e9s psych\u00e9d\u00e9liques, ce mouvement actif mais underground a coopt\u00e9 de multiples sous-cat\u00e9gories qui vont du <b>Heavy Blues<\/b> au <b>Doom<\/b> en passant par le <b>Psyche, <\/b>le <b>Fuzz rock<\/b>, le <b>Desert Rock<\/b>, le <b>Riff Rock<\/b>, le <b>Heavy Rock<\/b>, le <b>Sludge<\/b>,&#8230; et il demeure en perp\u00e9tuelle \u00e9volution.<\/p>\n<p>Desert-Rock se veut avant tout une <b>source d&rsquo;information<\/b> sur cette musique et nous esp\u00e9rons qu&rsquo;il r\u00e9pond \u00e0 vos attentes.<\/p>\n<p>N\u2019h\u00e9sitez pas \u00e0 nous contacter via le formulaire ci-dessous pour toute suggestion ou question.<\/td>\n<td width=\"50\"><\/td>\n<\/tr>\n<\/tbody>\n<\/table>\n<style>\n.tabledroite {<br \/>    vertical-align:middle;<br \/>\ttext-align:center;<br \/>    }<br \/><\/style>\n<table style=\"border: 1px solid #333333; padding: 8px; border-radius: 5px 5px 5px 5px;\" bgcolor=\"#333333 \">\n<tbody>\n<tr>\n<td width=\"50\"><\/td>\n<td width=\"150\"><span style=\"color: #cccccc; font-family: verdana; font-size: large;\"><b>Contact<\/b><\/span><br \/>\n\n<div class=\"wpcf7 no-js\" id=\"wpcf7-f33993-o1\" lang=\"fr-FR\" dir=\"ltr\" data-wpcf7-id=\"33993\">\n<div class=\"screen-reader-response\"><p role=\"status\" aria-live=\"polite\" aria-atomic=\"true\"><\/p> <ul><\/ul><\/div>\n<form action=\"\/site\/wp-json\/wp\/v2\/pages\/33991#wpcf7-f33993-o1\" method=\"post\" class=\"wpcf7-form init\" aria-label=\"Formulaire de contact\" novalidate=\"novalidate\" data-status=\"init\">\n<fieldset class=\"hidden-fields-container\"><input type=\"hidden\" name=\"_wpcf7\" value=\"33993\" \/><input type=\"hidden\" name=\"_wpcf7_version\" value=\"6.1.5\" \/><input type=\"hidden\" name=\"_wpcf7_locale\" value=\"fr_FR\" \/><input type=\"hidden\" name=\"_wpcf7_unit_tag\" value=\"wpcf7-f33993-o1\" \/><input type=\"hidden\" name=\"_wpcf7_container_post\" value=\"0\" \/><input type=\"hidden\" name=\"_wpcf7_posted_data_hash\" value=\"\" \/>\n<\/fieldset>\n<div class=\"wpcf7-turnstile cf-turnstile\" data-sitekey=\"0x4AAAAAABlU71JOKsTXrajs\" data-response-field-name=\"_wpcf7_turnstile_response\"><\/div>\n\n<p><label> Nom et pr\u00e9nom :<br \/>\n<span class=\"wpcf7-form-control-wrap\" data-name=\"your-name\"><input size=\"40\" maxlength=\"400\" class=\"wpcf7-form-control wpcf7-text wpcf7-validates-as-required\" aria-required=\"true\" aria-invalid=\"false\" value=\"\" type=\"text\" name=\"your-name\" \/><\/span> <\/label>\n<\/p>\n<p><label> Votre e-mail<br \/>\n<span class=\"wpcf7-form-control-wrap\" data-name=\"your-email\"><input size=\"40\" maxlength=\"400\" class=\"wpcf7-form-control wpcf7-email wpcf7-validates-as-required wpcf7-text wpcf7-validates-as-email\" aria-required=\"true\" aria-invalid=\"false\" value=\"\" type=\"email\" name=\"your-email\" \/><\/span> <\/label>\n<\/p>\n<p><label> Objet<br \/>\n<span class=\"wpcf7-form-control-wrap\" data-name=\"your-subject\"><input size=\"40\" maxlength=\"400\" class=\"wpcf7-form-control wpcf7-text wpcf7-validates-as-required\" aria-required=\"true\" aria-invalid=\"false\" value=\"\" type=\"text\" name=\"your-subject\" \/><\/span> <\/label>\n<\/p>\n<p><label> Votre message<br \/>\n<span class=\"wpcf7-form-control-wrap\" data-name=\"your-message\"><textarea cols=\"40\" rows=\"10\" maxlength=\"2000\" class=\"wpcf7-form-control wpcf7-textarea\" aria-invalid=\"false\" name=\"your-message\"><\/textarea><\/span> <\/label>\n<\/p>\n<p><input class=\"wpcf7-form-control wpcf7-submit has-spinner\" type=\"submit\" value=\"Envoyer\" \/>\n<\/p><p style=\"display: none !important;\" class=\"akismet-fields-container\" data-prefix=\"_wpcf7_ak_\"><label>&#916;<textarea name=\"_wpcf7_ak_hp_textarea\" cols=\"45\" rows=\"8\" maxlength=\"100\"><\/textarea><\/label><input type=\"hidden\" id=\"ak_js_1\" name=\"_wpcf7_ak_js\" value=\"37\"\/><script>document.getElementById( \"ak_js_1\" ).setAttribute( \"value\", ( new Date() ).getTime() );<\/script><\/p><div class=\"wpcf7-response-output\" aria-hidden=\"true\"><\/div>\n<\/form>\n<\/div>\n<\/td>\n<td width=\"50\"><\/td>\n<\/tr>\n<\/tbody>\n<\/table>\n<p>&nbsp;<\/p>\n","protected":false},"excerpt":{"rendered":"<p>A propos&#8230; Desert-Rock a \u00e9t\u00e9 cr\u00e9\u00e9 en 2004 par une poign\u00e9e de fans de ce courant musical connu sous le nom de Stoner. Appartenant \u00e0 la grande famille du rock, mais ignor\u00e9 par les m\u00e9dias traditionnels et boud\u00e9 par la presse rock conventionnelle, le stoner poursuit son aventure tr\u00e9pidante sans artifices ni complexes. Evolution naturelle [&hellip;]<\/p>\n","protected":false},"author":1,"featured_media":0,"parent":0,"menu_order":0,"comment_status":"closed","ping_status":"closed","template":"","meta":{"episode_type":"","audio_file":"","podmotor_file_id":"","podmotor_episode_id":"","cover_image":"","cover_image_id":"","duration":"","filesize":"","filesize_raw":"","date_recorded":"","explicit":"","block":"","itunes_episode_number":"","itunes_title":"","itunes_season_number":"","itunes_episode_type":"","footnotes":""},"class_list":["post-33991","page","type-page","status-publish","hentry"],"yoast_head":"<!-- This site is optimized with the Yoast SEO plugin v27.3 - https:\/\/yoast.com\/product\/yoast-seo-wordpress\/ -->\n<title>INFOS - Desert-rock.com<\/title>\n<meta name=\"robots\" content=\"index, follow, max-snippet:-1, max-image-preview:large, max-video-preview:-1\" \/>\n<link rel=\"canonical\" href=\"https:\/\/desert-rock.com\/site\/infos\" \/>\n<meta property=\"og:locale\" content=\"fr_FR\" \/>\n<meta property=\"og:type\" content=\"article\" \/>\n<meta property=\"og:title\" content=\"INFOS - Desert-rock.com\" \/>\n<meta property=\"og:description\" content=\"A propos&#8230; Desert-Rock a \u00e9t\u00e9 cr\u00e9\u00e9 en 2004 par une poign\u00e9e de fans de ce courant musical connu sous le nom de Stoner. Appartenant \u00e0 la grande famille du rock, mais ignor\u00e9 par les m\u00e9dias traditionnels et boud\u00e9 par la presse rock conventionnelle, le stoner poursuit son aventure tr\u00e9pidante sans artifices ni complexes. Evolution naturelle [&hellip;]\" \/>\n<meta property=\"og:url\" content=\"https:\/\/desert-rock.com\/site\/infos\" \/>\n<meta property=\"og:site_name\" content=\"Desert-rock.com\" \/>\n<meta property=\"article:publisher\" content=\"https:\/\/www.facebook.com\/desertrockcom\" \/>\n<meta property=\"article:modified_time\" content=\"2026-02-28T09:06:28+00:00\" \/>\n<meta name=\"twitter:card\" content=\"summary_large_image\" \/>\n<meta name=\"twitter:label1\" content=\"Dur\u00e9e de lecture estim\u00e9e\" \/>\n\t<meta name=\"twitter:data1\" content=\"1 minute\" \/>\n<script type=\"application\/ld+json\" class=\"yoast-schema-graph\">{\"@context\":\"https:\\\/\\\/schema.org\",\"@graph\":[{\"@type\":\"WebPage\",\"@id\":\"https:\\\/\\\/desert-rock.com\\\/site\\\/infos\",\"url\":\"https:\\\/\\\/desert-rock.com\\\/site\\\/infos\",\"name\":\"INFOS - Desert-rock.com\",\"isPartOf\":{\"@id\":\"https:\\\/\\\/desert-rock.com\\\/site\\\/#website\"},\"datePublished\":\"2024-07-19T18:13:12+00:00\",\"dateModified\":\"2026-02-28T09:06:28+00:00\",\"breadcrumb\":{\"@id\":\"https:\\\/\\\/desert-rock.com\\\/site\\\/infos#breadcrumb\"},\"inLanguage\":\"fr-FR\",\"potentialAction\":[{\"@type\":\"ReadAction\",\"target\":[\"https:\\\/\\\/desert-rock.com\\\/site\\\/infos\"]}]},{\"@type\":\"BreadcrumbList\",\"@id\":\"https:\\\/\\\/desert-rock.com\\\/site\\\/infos#breadcrumb\",\"itemListElement\":[{\"@type\":\"ListItem\",\"position\":1,\"name\":\"Accueil\",\"item\":\"https:\\\/\\\/desert-rock.com\\\/site\\\/\"},{\"@type\":\"ListItem\",\"position\":2,\"name\":\"INFOS\"}]},{\"@type\":\"WebSite\",\"@id\":\"https:\\\/\\\/desert-rock.com\\\/site\\\/#website\",\"url\":\"https:\\\/\\\/desert-rock.com\\\/site\\\/\",\"name\":\"Desert-rock.com\",\"description\":\"\",\"publisher\":{\"@id\":\"https:\\\/\\\/desert-rock.com\\\/site\\\/#organization\"},\"potentialAction\":[{\"@type\":\"SearchAction\",\"target\":{\"@type\":\"EntryPoint\",\"urlTemplate\":\"https:\\\/\\\/desert-rock.com\\\/site\\\/?s={search_term_string}\"},\"query-input\":{\"@type\":\"PropertyValueSpecification\",\"valueRequired\":true,\"valueName\":\"search_term_string\"}}],\"inLanguage\":\"fr-FR\"},{\"@type\":\"Organization\",\"@id\":\"https:\\\/\\\/desert-rock.com\\\/site\\\/#organization\",\"name\":\"Desert-rock.com\",\"url\":\"https:\\\/\\\/desert-rock.com\\\/site\\\/\",\"logo\":{\"@type\":\"ImageObject\",\"inLanguage\":\"fr-FR\",\"@id\":\"https:\\\/\\\/desert-rock.com\\\/site\\\/#\\\/schema\\\/logo\\\/image\\\/\",\"url\":\"https:\\\/\\\/desert-rock.com\\\/site\\\/wp-content\\\/uploads\\\/2024\\\/07\\\/logo-2.png\",\"contentUrl\":\"https:\\\/\\\/desert-rock.com\\\/site\\\/wp-content\\\/uploads\\\/2024\\\/07\\\/logo-2.png\",\"width\":400,\"height\":182,\"caption\":\"Desert-rock.com\"},\"image\":{\"@id\":\"https:\\\/\\\/desert-rock.com\\\/site\\\/#\\\/schema\\\/logo\\\/image\\\/\"},\"sameAs\":[\"https:\\\/\\\/www.facebook.com\\\/desertrockcom\",\"https:\\\/\\\/www.instagram.com\\\/desertrockcom\\\/\"]}]}<\/script>\n<!-- \/ Yoast SEO plugin. -->","yoast_head_json":{"title":"INFOS - Desert-rock.com","robots":{"index":"index","follow":"follow","max-snippet":"max-snippet:-1","max-image-preview":"max-image-preview:large","max-video-preview":"max-video-preview:-1"},"canonical":"https:\/\/desert-rock.com\/site\/infos","og_locale":"fr_FR","og_type":"article","og_title":"INFOS - Desert-rock.com","og_description":"A propos&#8230; Desert-Rock a \u00e9t\u00e9 cr\u00e9\u00e9 en 2004 par une poign\u00e9e de fans de ce courant musical connu sous le nom de Stoner. Appartenant \u00e0 la grande famille du rock, mais ignor\u00e9 par les m\u00e9dias traditionnels et boud\u00e9 par la presse rock conventionnelle, le stoner poursuit son aventure tr\u00e9pidante sans artifices ni complexes. Evolution naturelle [&hellip;]","og_url":"https:\/\/desert-rock.com\/site\/infos","og_site_name":"Desert-rock.com","article_publisher":"https:\/\/www.facebook.com\/desertrockcom","article_modified_time":"2026-02-28T09:06:28+00:00","twitter_card":"summary_large_image","twitter_misc":{"Dur\u00e9e de lecture estim\u00e9e":"1 minute"},"schema":{"@context":"https:\/\/schema.org","@graph":[{"@type":"WebPage","@id":"https:\/\/desert-rock.com\/site\/infos","url":"https:\/\/desert-rock.com\/site\/infos","name":"INFOS - Desert-rock.com","isPartOf":{"@id":"https:\/\/desert-rock.com\/site\/#website"},"datePublished":"2024-07-19T18:13:12+00:00","dateModified":"2026-02-28T09:06:28+00:00","breadcrumb":{"@id":"https:\/\/desert-rock.com\/site\/infos#breadcrumb"},"inLanguage":"fr-FR","potentialAction":[{"@type":"ReadAction","target":["https:\/\/desert-rock.com\/site\/infos"]}]},{"@type":"BreadcrumbList","@id":"https:\/\/desert-rock.com\/site\/infos#breadcrumb","itemListElement":[{"@type":"ListItem","position":1,"name":"Accueil","item":"https:\/\/desert-rock.com\/site\/"},{"@type":"ListItem","position":2,"name":"INFOS"}]},{"@type":"WebSite","@id":"https:\/\/desert-rock.com\/site\/#website","url":"https:\/\/desert-rock.com\/site\/","name":"Desert-rock.com","description":"","publisher":{"@id":"https:\/\/desert-rock.com\/site\/#organization"},"potentialAction":[{"@type":"SearchAction","target":{"@type":"EntryPoint","urlTemplate":"https:\/\/desert-rock.com\/site\/?s={search_term_string}"},"query-input":{"@type":"PropertyValueSpecification","valueRequired":true,"valueName":"search_term_string"}}],"inLanguage":"fr-FR"},{"@type":"Organization","@id":"https:\/\/desert-rock.com\/site\/#organization","name":"Desert-rock.com","url":"https:\/\/desert-rock.com\/site\/","logo":{"@type":"ImageObject","inLanguage":"fr-FR","@id":"https:\/\/desert-rock.com\/site\/#\/schema\/logo\/image\/","url":"https:\/\/desert-rock.com\/site\/wp-content\/uploads\/2024\/07\/logo-2.png","contentUrl":"https:\/\/desert-rock.com\/site\/wp-content\/uploads\/2024\/07\/logo-2.png","width":400,"height":182,"caption":"Desert-rock.com"},"image":{"@id":"https:\/\/desert-rock.com\/site\/#\/schema\/logo\/image\/"},"sameAs":["https:\/\/www.facebook.com\/desertrockcom","https:\/\/www.instagram.com\/desertrockcom\/"]}]}},"_links":{"self":[{"href":"https:\/\/desert-rock.com\/site\/wp-json\/wp\/v2\/pages\/33991","targetHints":{"allow":["GET"]}}],"collection":[{"href":"https:\/\/desert-rock.com\/site\/wp-json\/wp\/v2\/pages"}],"about":[{"href":"https:\/\/desert-rock.com\/site\/wp-json\/wp\/v2\/types\/page"}],"author":[{"embeddable":true,"href":"https:\/\/desert-rock.com\/site\/wp-json\/wp\/v2\/users\/1"}],"replies":[{"embeddable":true,"href":"https:\/\/desert-rock.com\/site\/wp-json\/wp\/v2\/comments?post=33991"}],"version-history":[{"count":10,"href":"https:\/\/desert-rock.com\/site\/wp-json\/wp\/v2\/pages\/33991\/revisions"}],"predecessor-version":[{"id":38651,"href":"https:\/\/desert-rock.com\/site\/wp-json\/wp\/v2\/pages\/33991\/revisions\/38651"}],"wp:attachment":[{"href":"https:\/\/desert-rock.com\/site\/wp-json\/wp\/v2\/media?parent=33991"}],"curies":[{"name":"wp","href":"https:\/\/api.w.org\/{rel}","templated":true}]}}