{"id":34105,"date":"2024-07-20T13:10:26","date_gmt":"2024-07-20T11:10:26","guid":{"rendered":"https:\/\/desert-rock.com\/site\/?page_id=34105"},"modified":"2025-01-09T14:49:10","modified_gmt":"2025-01-09T13:49:10","slug":"newsletter","status":"publish","type":"page","link":"https:\/\/desert-rock.com\/site\/newsletter","title":{"rendered":"Newsletter"},"content":{"rendered":"<p>\nLa newsletter Desert-Rock propose :<\/p>\n<ul>\n<li>Les publications r\u00e9centes sur le site<\/li>\n<li>Les \u00e9v\u00e9nements importants autour de notre musique de pr\u00e9dilection, concours propos\u00e9s, etc\u2026<\/li>\n<\/ul>\n<p>Cela repr\u00e9sente en moyenne 1 ou 2 messages par mois uniquement (dans les r\u00e8gles de la RGPD, pas de spam \u00e0 craindre de notre part\u00a0!).<br \/>\nN\u2019h\u00e9sitez pas \u00e0 vous y inscrire pour ne rien rater de l\u2019actualit\u00e9 musicale dans le petit monde du stoner, doom, psyche, sludge, etc\u2026<\/p>\n<p>[mailpoet_form id=\u00a0\u00bb4&Prime;]<\/p>\n<p><a href=\"https:\/\/desert-rock.com\/dr\/infos\/accueil-html\">Retour \u00e0 la page d&rsquo;accueil<\/a><\/p>\n","protected":false},"excerpt":{"rendered":"<p>La newsletter Desert-Rock propose : Les publications r\u00e9centes sur le site Les \u00e9v\u00e9nements importants autour de notre musique de pr\u00e9dilection, concours propos\u00e9s, etc\u2026 Cela repr\u00e9sente en moyenne 1 ou 2 messages par mois uniquement (dans les r\u00e8gles de la RGPD, pas de spam \u00e0 craindre de notre part\u00a0!). N\u2019h\u00e9sitez pas \u00e0 vous y inscrire pour [&hellip;]<\/p>\n","protected":false},"author":1,"featured_media":0,"parent":0,"menu_order":0,"comment_status":"closed","ping_status":"closed","template":"","meta":{"episode_type":"","audio_file":"","podmotor_file_id":"","podmotor_episode_id":"","cover_image":"","cover_image_id":"","duration":"","filesize":"","filesize_raw":"","date_recorded":"","explicit":"","block":"","itunes_episode_number":"","itunes_title":"","itunes_season_number":"","itunes_episode_type":"","footnotes":""},"class_list":["post-34105","page","type-page","status-publish","hentry"],"yoast_head":"<!-- This site is optimized with the Yoast SEO plugin v27.4 - https:\/\/yoast.com\/product\/yoast-seo-wordpress\/ -->\n<title>Newsletter - Desert-rock.com<\/title>\n<meta name=\"robots\" content=\"index, follow, max-snippet:-1, max-image-preview:large, max-video-preview:-1\" \/>\n<link rel=\"canonical\" href=\"https:\/\/desert-rock.com\/site\/newsletter\" \/>\n<meta property=\"og:locale\" content=\"fr_FR\" \/>\n<meta property=\"og:type\" content=\"article\" \/>\n<meta property=\"og:title\" content=\"Newsletter - Desert-rock.com\" \/>\n<meta property=\"og:description\" content=\"La newsletter Desert-Rock propose : Les publications r\u00e9centes sur le site Les \u00e9v\u00e9nements importants autour de notre musique de pr\u00e9dilection, concours propos\u00e9s, etc\u2026 Cela repr\u00e9sente en moyenne 1 ou 2 messages par mois uniquement (dans les r\u00e8gles de la RGPD, pas de spam \u00e0 craindre de notre part\u00a0!). N\u2019h\u00e9sitez pas \u00e0 vous y inscrire pour [&hellip;]\" \/>\n<meta property=\"og:url\" content=\"https:\/\/desert-rock.com\/site\/newsletter\" \/>\n<meta property=\"og:site_name\" content=\"Desert-rock.com\" \/>\n<meta property=\"article:publisher\" content=\"https:\/\/www.facebook.com\/desertrockcom\" \/>\n<meta property=\"article:modified_time\" content=\"2025-01-09T13:49:10+00:00\" \/>\n<meta name=\"twitter:card\" content=\"summary_large_image\" \/>\n<meta name=\"twitter:label1\" content=\"Dur\u00e9e de lecture estim\u00e9e\" \/>\n\t<meta name=\"twitter:data1\" content=\"1 minute\" \/>\n<script type=\"application\/ld+json\" class=\"yoast-schema-graph\">{\"@context\":\"https:\\\/\\\/schema.org\",\"@graph\":[{\"@type\":\"WebPage\",\"@id\":\"https:\\\/\\\/desert-rock.com\\\/site\\\/newsletter\",\"url\":\"https:\\\/\\\/desert-rock.com\\\/site\\\/newsletter\",\"name\":\"Newsletter - Desert-rock.com\",\"isPartOf\":{\"@id\":\"https:\\\/\\\/desert-rock.com\\\/site\\\/#website\"},\"datePublished\":\"2024-07-20T11:10:26+00:00\",\"dateModified\":\"2025-01-09T13:49:10+00:00\",\"breadcrumb\":{\"@id\":\"https:\\\/\\\/desert-rock.com\\\/site\\\/newsletter#breadcrumb\"},\"inLanguage\":\"fr-FR\",\"potentialAction\":[{\"@type\":\"ReadAction\",\"target\":[\"https:\\\/\\\/desert-rock.com\\\/site\\\/newsletter\"]}]},{\"@type\":\"BreadcrumbList\",\"@id\":\"https:\\\/\\\/desert-rock.com\\\/site\\\/newsletter#breadcrumb\",\"itemListElement\":[{\"@type\":\"ListItem\",\"position\":1,\"name\":\"Accueil\",\"item\":\"https:\\\/\\\/desert-rock.com\\\/site\\\/\"},{\"@type\":\"ListItem\",\"position\":2,\"name\":\"Newsletter\"}]},{\"@type\":\"WebSite\",\"@id\":\"https:\\\/\\\/desert-rock.com\\\/site\\\/#website\",\"url\":\"https:\\\/\\\/desert-rock.com\\\/site\\\/\",\"name\":\"Desert-rock.com\",\"description\":\"\",\"publisher\":{\"@id\":\"https:\\\/\\\/desert-rock.com\\\/site\\\/#organization\"},\"potentialAction\":[{\"@type\":\"SearchAction\",\"target\":{\"@type\":\"EntryPoint\",\"urlTemplate\":\"https:\\\/\\\/desert-rock.com\\\/site\\\/?s={search_term_string}\"},\"query-input\":{\"@type\":\"PropertyValueSpecification\",\"valueRequired\":true,\"valueName\":\"search_term_string\"}}],\"inLanguage\":\"fr-FR\"},{\"@type\":\"Organization\",\"@id\":\"https:\\\/\\\/desert-rock.com\\\/site\\\/#organization\",\"name\":\"Desert-rock.com\",\"url\":\"https:\\\/\\\/desert-rock.com\\\/site\\\/\",\"logo\":{\"@type\":\"ImageObject\",\"inLanguage\":\"fr-FR\",\"@id\":\"https:\\\/\\\/desert-rock.com\\\/site\\\/#\\\/schema\\\/logo\\\/image\\\/\",\"url\":\"https:\\\/\\\/desert-rock.com\\\/site\\\/wp-content\\\/uploads\\\/2024\\\/07\\\/logo-2.png\",\"contentUrl\":\"https:\\\/\\\/desert-rock.com\\\/site\\\/wp-content\\\/uploads\\\/2024\\\/07\\\/logo-2.png\",\"width\":400,\"height\":182,\"caption\":\"Desert-rock.com\"},\"image\":{\"@id\":\"https:\\\/\\\/desert-rock.com\\\/site\\\/#\\\/schema\\\/logo\\\/image\\\/\"},\"sameAs\":[\"https:\\\/\\\/www.facebook.com\\\/desertrockcom\",\"https:\\\/\\\/www.instagram.com\\\/desertrockcom\\\/\"]}]}<\/script>\n<!-- \/ Yoast SEO plugin. -->","yoast_head_json":{"title":"Newsletter - Desert-rock.com","robots":{"index":"index","follow":"follow","max-snippet":"max-snippet:-1","max-image-preview":"max-image-preview:large","max-video-preview":"max-video-preview:-1"},"canonical":"https:\/\/desert-rock.com\/site\/newsletter","og_locale":"fr_FR","og_type":"article","og_title":"Newsletter - Desert-rock.com","og_description":"La newsletter Desert-Rock propose : Les publications r\u00e9centes sur le site Les \u00e9v\u00e9nements importants autour de notre musique de pr\u00e9dilection, concours propos\u00e9s, etc\u2026 Cela repr\u00e9sente en moyenne 1 ou 2 messages par mois uniquement (dans les r\u00e8gles de la RGPD, pas de spam \u00e0 craindre de notre part\u00a0!). N\u2019h\u00e9sitez pas \u00e0 vous y inscrire pour [&hellip;]","og_url":"https:\/\/desert-rock.com\/site\/newsletter","og_site_name":"Desert-rock.com","article_publisher":"https:\/\/www.facebook.com\/desertrockcom","article_modified_time":"2025-01-09T13:49:10+00:00","twitter_card":"summary_large_image","twitter_misc":{"Dur\u00e9e de lecture estim\u00e9e":"1 minute"},"schema":{"@context":"https:\/\/schema.org","@graph":[{"@type":"WebPage","@id":"https:\/\/desert-rock.com\/site\/newsletter","url":"https:\/\/desert-rock.com\/site\/newsletter","name":"Newsletter - Desert-rock.com","isPartOf":{"@id":"https:\/\/desert-rock.com\/site\/#website"},"datePublished":"2024-07-20T11:10:26+00:00","dateModified":"2025-01-09T13:49:10+00:00","breadcrumb":{"@id":"https:\/\/desert-rock.com\/site\/newsletter#breadcrumb"},"inLanguage":"fr-FR","potentialAction":[{"@type":"ReadAction","target":["https:\/\/desert-rock.com\/site\/newsletter"]}]},{"@type":"BreadcrumbList","@id":"https:\/\/desert-rock.com\/site\/newsletter#breadcrumb","itemListElement":[{"@type":"ListItem","position":1,"name":"Accueil","item":"https:\/\/desert-rock.com\/site\/"},{"@type":"ListItem","position":2,"name":"Newsletter"}]},{"@type":"WebSite","@id":"https:\/\/desert-rock.com\/site\/#website","url":"https:\/\/desert-rock.com\/site\/","name":"Desert-rock.com","description":"","publisher":{"@id":"https:\/\/desert-rock.com\/site\/#organization"},"potentialAction":[{"@type":"SearchAction","target":{"@type":"EntryPoint","urlTemplate":"https:\/\/desert-rock.com\/site\/?s={search_term_string}"},"query-input":{"@type":"PropertyValueSpecification","valueRequired":true,"valueName":"search_term_string"}}],"inLanguage":"fr-FR"},{"@type":"Organization","@id":"https:\/\/desert-rock.com\/site\/#organization","name":"Desert-rock.com","url":"https:\/\/desert-rock.com\/site\/","logo":{"@type":"ImageObject","inLanguage":"fr-FR","@id":"https:\/\/desert-rock.com\/site\/#\/schema\/logo\/image\/","url":"https:\/\/desert-rock.com\/site\/wp-content\/uploads\/2024\/07\/logo-2.png","contentUrl":"https:\/\/desert-rock.com\/site\/wp-content\/uploads\/2024\/07\/logo-2.png","width":400,"height":182,"caption":"Desert-rock.com"},"image":{"@id":"https:\/\/desert-rock.com\/site\/#\/schema\/logo\/image\/"},"sameAs":["https:\/\/www.facebook.com\/desertrockcom","https:\/\/www.instagram.com\/desertrockcom\/"]}]}},"_links":{"self":[{"href":"https:\/\/desert-rock.com\/site\/wp-json\/wp\/v2\/pages\/34105","targetHints":{"allow":["GET"]}}],"collection":[{"href":"https:\/\/desert-rock.com\/site\/wp-json\/wp\/v2\/pages"}],"about":[{"href":"https:\/\/desert-rock.com\/site\/wp-json\/wp\/v2\/types\/page"}],"author":[{"embeddable":true,"href":"https:\/\/desert-rock.com\/site\/wp-json\/wp\/v2\/users\/1"}],"replies":[{"embeddable":true,"href":"https:\/\/desert-rock.com\/site\/wp-json\/wp\/v2\/comments?post=34105"}],"version-history":[{"count":3,"href":"https:\/\/desert-rock.com\/site\/wp-json\/wp\/v2\/pages\/34105\/revisions"}],"predecessor-version":[{"id":35344,"href":"https:\/\/desert-rock.com\/site\/wp-json\/wp\/v2\/pages\/34105\/revisions\/35344"}],"wp:attachment":[{"href":"https:\/\/desert-rock.com\/site\/wp-json\/wp\/v2\/media?parent=34105"}],"curies":[{"name":"wp","href":"https:\/\/api.w.org\/{rel}","templated":true}]}}