{"id":3443,"date":"2018-05-25T19:18:56","date_gmt":"2018-05-25T17:18:56","guid":{"rendered":"https:\/\/desert-rock.com\/dr\/?page_id=3443"},"modified":"2024-07-26T20:01:58","modified_gmt":"2024-07-26T18:01:58","slug":"politique-de-confidentialite","status":"publish","type":"page","link":"https:\/\/desert-rock.com\/site\/politique-de-confidentialite","title":{"rendered":"Politique de confidentialit\u00e9"},"content":{"rendered":"<h2 style=\"padding-left: 40px;\"><strong>Utilisation des donn\u00e9es personnelles collect\u00e9es<\/strong><\/h2>\n<h3 style=\"padding-left: 40px;\">Cookies<\/h3>\n<p style=\"padding-left: 40px;\">Les cookies utilis\u00e9s par desert-rock.com sont ceux indispensables au bon fonctionnement du site. Aucune information ne vous est demand\u00e9e sur le site (coordonn\u00e9es, email, etc&#8230;) et donc aucune donn\u00e9e n&rsquo;est utilis\u00e9e.<\/p>\n<h3 style=\"padding-left: 40px;\">Contenu embarqu\u00e9 depuis d\u2019autres sites<\/h3>\n<p style=\"padding-left: 40px;\">Les articles de ce site peuvent inclure des contenus int\u00e9gr\u00e9s (par exemple des vid\u00e9os, images, articles\u2026). Le contenu int\u00e9gr\u00e9 depuis d\u2019autres sites se comporte de la m\u00eame mani\u00e8re que si le visiteur se rendait sur cet autre site.<\/p>\n<p style=\"padding-left: 40px;\">Ces sites web pourraient donc collecter des donn\u00e9es sur vous, utiliser des cookies, embarquer des outils de suivis tiers, suivre vos interactions avec ces contenus embarqu\u00e9s si vous disposez d\u2019un compte connect\u00e9 sur leur site web. Aucune utilisation de ses donn\u00e9es, qui ne sont collect\u00e9es qu&rsquo;automatiquement si vous avez donn\u00e9 votre accord, n&rsquo;est faite par desert-rock.com.<\/p>\n<h2 style=\"padding-left: 40px;\"><strong>Dur\u00e9es de stockage de vos donn\u00e9es<\/strong><\/h2>\n<p style=\"padding-left: 40px;\">Pour les utilisateurs et utilisatrices qui s\u2019enregistrent sur notre site (si cela est possible, actuellement uniquement pour l&rsquo;\u00e9quipe du site), nous stockons \u00e9galement les donn\u00e9es personnelles indiqu\u00e9es dans leur profil. Tous les utilisateurs et utilisatrices peuvent voir, modifier ou supprimer leurs informations personnelles \u00e0 tout moment (\u00e0 l\u2019exception de leur nom d\u2019utilisateur\u00b7ice). Les gestionnaires du site peuvent aussi voir et modifier ces informations.<\/p>\n<h2 style=\"padding-left: 40px;\"><strong>Statistiques et mesures d\u2019audience<\/strong><\/h2>\n<p style=\"padding-left: 40px;\">Ce site utilise le syst\u00e8me de mesure d&rsquo;audience Google Analytics.<\/p>\n<h2 style=\"padding-left: 40px;\"><strong>Transmission de vos donn\u00e9es personnelles<\/strong><\/h2>\n<p style=\"padding-left: 40px;\">Aucune de vos donn\u00e9es ne sera transmise sous quelques formes que ce soit \u00e0 un quelconque service ou autre site.<\/p>\n<p style=\"padding-left: 40px;\">\n","protected":false},"excerpt":{"rendered":"<p>Utilisation des donn\u00e9es personnelles collect\u00e9es Cookies Les cookies utilis\u00e9s par desert-rock.com sont ceux indispensables au bon fonctionnement du site. Aucune information ne vous est demand\u00e9e sur le site (coordonn\u00e9es, email, etc&#8230;) et donc aucune donn\u00e9e n&rsquo;est utilis\u00e9e. Contenu embarqu\u00e9 depuis d\u2019autres sites Les articles de ce site peuvent inclure des contenus int\u00e9gr\u00e9s (par exemple des [&hellip;]<\/p>\n","protected":false},"author":1,"featured_media":0,"parent":0,"menu_order":0,"comment_status":"closed","ping_status":"closed","template":"","meta":{"episode_type":"","audio_file":"","podmotor_file_id":"","podmotor_episode_id":"","cover_image":"","cover_image_id":"","duration":"","filesize":"","filesize_raw":"","date_recorded":"","explicit":"","block":"","itunes_episode_number":"","itunes_title":"","itunes_season_number":"","itunes_episode_type":"","footnotes":""},"class_list":["post-3443","page","type-page","status-publish","hentry"],"yoast_head":"<!-- This site is optimized with the Yoast SEO plugin v27.3 - https:\/\/yoast.com\/product\/yoast-seo-wordpress\/ -->\n<title>Politique de confidentialit\u00e9 - Desert-rock.com<\/title>\n<meta name=\"robots\" content=\"index, follow, max-snippet:-1, max-image-preview:large, max-video-preview:-1\" \/>\n<link rel=\"canonical\" href=\"https:\/\/desert-rock.com\/site\/politique-de-confidentialite\" \/>\n<meta property=\"og:locale\" content=\"fr_FR\" \/>\n<meta property=\"og:type\" content=\"article\" \/>\n<meta property=\"og:title\" content=\"Politique de confidentialit\u00e9 - Desert-rock.com\" \/>\n<meta property=\"og:description\" content=\"Utilisation des donn\u00e9es personnelles collect\u00e9es Cookies Les cookies utilis\u00e9s par desert-rock.com sont ceux indispensables au bon fonctionnement du site. Aucune information ne vous est demand\u00e9e sur le site (coordonn\u00e9es, email, etc&#8230;) et donc aucune donn\u00e9e n&rsquo;est utilis\u00e9e. Contenu embarqu\u00e9 depuis d\u2019autres sites Les articles de ce site peuvent inclure des contenus int\u00e9gr\u00e9s (par exemple des [&hellip;]\" \/>\n<meta property=\"og:url\" content=\"https:\/\/desert-rock.com\/site\/politique-de-confidentialite\" \/>\n<meta property=\"og:site_name\" content=\"Desert-rock.com\" \/>\n<meta property=\"article:publisher\" content=\"https:\/\/www.facebook.com\/desertrockcom\" \/>\n<meta property=\"article:modified_time\" content=\"2024-07-26T18:01:58+00:00\" \/>\n<meta name=\"twitter:card\" content=\"summary_large_image\" \/>\n<meta name=\"twitter:label1\" content=\"Dur\u00e9e de lecture estim\u00e9e\" \/>\n\t<meta name=\"twitter:data1\" content=\"2 minutes\" \/>\n<script type=\"application\/ld+json\" class=\"yoast-schema-graph\">{\"@context\":\"https:\\\/\\\/schema.org\",\"@graph\":[{\"@type\":\"WebPage\",\"@id\":\"https:\\\/\\\/desert-rock.com\\\/site\\\/politique-de-confidentialite\",\"url\":\"https:\\\/\\\/desert-rock.com\\\/site\\\/politique-de-confidentialite\",\"name\":\"Politique de confidentialit\u00e9 - Desert-rock.com\",\"isPartOf\":{\"@id\":\"https:\\\/\\\/desert-rock.com\\\/site\\\/#website\"},\"datePublished\":\"2018-05-25T17:18:56+00:00\",\"dateModified\":\"2024-07-26T18:01:58+00:00\",\"breadcrumb\":{\"@id\":\"https:\\\/\\\/desert-rock.com\\\/site\\\/politique-de-confidentialite#breadcrumb\"},\"inLanguage\":\"fr-FR\",\"potentialAction\":[{\"@type\":\"ReadAction\",\"target\":[\"https:\\\/\\\/desert-rock.com\\\/site\\\/politique-de-confidentialite\"]}]},{\"@type\":\"BreadcrumbList\",\"@id\":\"https:\\\/\\\/desert-rock.com\\\/site\\\/politique-de-confidentialite#breadcrumb\",\"itemListElement\":[{\"@type\":\"ListItem\",\"position\":1,\"name\":\"Accueil\",\"item\":\"https:\\\/\\\/desert-rock.com\\\/site\\\/\"},{\"@type\":\"ListItem\",\"position\":2,\"name\":\"Politique de confidentialit\u00e9\"}]},{\"@type\":\"WebSite\",\"@id\":\"https:\\\/\\\/desert-rock.com\\\/site\\\/#website\",\"url\":\"https:\\\/\\\/desert-rock.com\\\/site\\\/\",\"name\":\"Desert-rock.com\",\"description\":\"\",\"publisher\":{\"@id\":\"https:\\\/\\\/desert-rock.com\\\/site\\\/#organization\"},\"potentialAction\":[{\"@type\":\"SearchAction\",\"target\":{\"@type\":\"EntryPoint\",\"urlTemplate\":\"https:\\\/\\\/desert-rock.com\\\/site\\\/?s={search_term_string}\"},\"query-input\":{\"@type\":\"PropertyValueSpecification\",\"valueRequired\":true,\"valueName\":\"search_term_string\"}}],\"inLanguage\":\"fr-FR\"},{\"@type\":\"Organization\",\"@id\":\"https:\\\/\\\/desert-rock.com\\\/site\\\/#organization\",\"name\":\"Desert-rock.com\",\"url\":\"https:\\\/\\\/desert-rock.com\\\/site\\\/\",\"logo\":{\"@type\":\"ImageObject\",\"inLanguage\":\"fr-FR\",\"@id\":\"https:\\\/\\\/desert-rock.com\\\/site\\\/#\\\/schema\\\/logo\\\/image\\\/\",\"url\":\"https:\\\/\\\/desert-rock.com\\\/site\\\/wp-content\\\/uploads\\\/2024\\\/07\\\/logo-2.png\",\"contentUrl\":\"https:\\\/\\\/desert-rock.com\\\/site\\\/wp-content\\\/uploads\\\/2024\\\/07\\\/logo-2.png\",\"width\":400,\"height\":182,\"caption\":\"Desert-rock.com\"},\"image\":{\"@id\":\"https:\\\/\\\/desert-rock.com\\\/site\\\/#\\\/schema\\\/logo\\\/image\\\/\"},\"sameAs\":[\"https:\\\/\\\/www.facebook.com\\\/desertrockcom\",\"https:\\\/\\\/www.instagram.com\\\/desertrockcom\\\/\"]}]}<\/script>\n<!-- \/ Yoast SEO plugin. -->","yoast_head_json":{"title":"Politique de confidentialit\u00e9 - Desert-rock.com","robots":{"index":"index","follow":"follow","max-snippet":"max-snippet:-1","max-image-preview":"max-image-preview:large","max-video-preview":"max-video-preview:-1"},"canonical":"https:\/\/desert-rock.com\/site\/politique-de-confidentialite","og_locale":"fr_FR","og_type":"article","og_title":"Politique de confidentialit\u00e9 - Desert-rock.com","og_description":"Utilisation des donn\u00e9es personnelles collect\u00e9es Cookies Les cookies utilis\u00e9s par desert-rock.com sont ceux indispensables au bon fonctionnement du site. Aucune information ne vous est demand\u00e9e sur le site (coordonn\u00e9es, email, etc&#8230;) et donc aucune donn\u00e9e n&rsquo;est utilis\u00e9e. Contenu embarqu\u00e9 depuis d\u2019autres sites Les articles de ce site peuvent inclure des contenus int\u00e9gr\u00e9s (par exemple des [&hellip;]","og_url":"https:\/\/desert-rock.com\/site\/politique-de-confidentialite","og_site_name":"Desert-rock.com","article_publisher":"https:\/\/www.facebook.com\/desertrockcom","article_modified_time":"2024-07-26T18:01:58+00:00","twitter_card":"summary_large_image","twitter_misc":{"Dur\u00e9e de lecture estim\u00e9e":"2 minutes"},"schema":{"@context":"https:\/\/schema.org","@graph":[{"@type":"WebPage","@id":"https:\/\/desert-rock.com\/site\/politique-de-confidentialite","url":"https:\/\/desert-rock.com\/site\/politique-de-confidentialite","name":"Politique de confidentialit\u00e9 - Desert-rock.com","isPartOf":{"@id":"https:\/\/desert-rock.com\/site\/#website"},"datePublished":"2018-05-25T17:18:56+00:00","dateModified":"2024-07-26T18:01:58+00:00","breadcrumb":{"@id":"https:\/\/desert-rock.com\/site\/politique-de-confidentialite#breadcrumb"},"inLanguage":"fr-FR","potentialAction":[{"@type":"ReadAction","target":["https:\/\/desert-rock.com\/site\/politique-de-confidentialite"]}]},{"@type":"BreadcrumbList","@id":"https:\/\/desert-rock.com\/site\/politique-de-confidentialite#breadcrumb","itemListElement":[{"@type":"ListItem","position":1,"name":"Accueil","item":"https:\/\/desert-rock.com\/site\/"},{"@type":"ListItem","position":2,"name":"Politique de confidentialit\u00e9"}]},{"@type":"WebSite","@id":"https:\/\/desert-rock.com\/site\/#website","url":"https:\/\/desert-rock.com\/site\/","name":"Desert-rock.com","description":"","publisher":{"@id":"https:\/\/desert-rock.com\/site\/#organization"},"potentialAction":[{"@type":"SearchAction","target":{"@type":"EntryPoint","urlTemplate":"https:\/\/desert-rock.com\/site\/?s={search_term_string}"},"query-input":{"@type":"PropertyValueSpecification","valueRequired":true,"valueName":"search_term_string"}}],"inLanguage":"fr-FR"},{"@type":"Organization","@id":"https:\/\/desert-rock.com\/site\/#organization","name":"Desert-rock.com","url":"https:\/\/desert-rock.com\/site\/","logo":{"@type":"ImageObject","inLanguage":"fr-FR","@id":"https:\/\/desert-rock.com\/site\/#\/schema\/logo\/image\/","url":"https:\/\/desert-rock.com\/site\/wp-content\/uploads\/2024\/07\/logo-2.png","contentUrl":"https:\/\/desert-rock.com\/site\/wp-content\/uploads\/2024\/07\/logo-2.png","width":400,"height":182,"caption":"Desert-rock.com"},"image":{"@id":"https:\/\/desert-rock.com\/site\/#\/schema\/logo\/image\/"},"sameAs":["https:\/\/www.facebook.com\/desertrockcom","https:\/\/www.instagram.com\/desertrockcom\/"]}]}},"_links":{"self":[{"href":"https:\/\/desert-rock.com\/site\/wp-json\/wp\/v2\/pages\/3443","targetHints":{"allow":["GET"]}}],"collection":[{"href":"https:\/\/desert-rock.com\/site\/wp-json\/wp\/v2\/pages"}],"about":[{"href":"https:\/\/desert-rock.com\/site\/wp-json\/wp\/v2\/types\/page"}],"author":[{"embeddable":true,"href":"https:\/\/desert-rock.com\/site\/wp-json\/wp\/v2\/users\/1"}],"replies":[{"embeddable":true,"href":"https:\/\/desert-rock.com\/site\/wp-json\/wp\/v2\/comments?post=3443"}],"version-history":[{"count":0,"href":"https:\/\/desert-rock.com\/site\/wp-json\/wp\/v2\/pages\/3443\/revisions"}],"wp:attachment":[{"href":"https:\/\/desert-rock.com\/site\/wp-json\/wp\/v2\/media?parent=3443"}],"curies":[{"name":"wp","href":"https:\/\/api.w.org\/{rel}","templated":true}]}}